{"id":9744,"date":"2024-03-07T16:35:11","date_gmt":"2024-03-07T13:35:11","guid":{"rendered":"https:\/\/palmiyesusleme.com\/index.php\/urun\/beyaz-rattan-orme-desenli-kollu-sandalye-rtt23\/"},"modified":"2024-03-07T16:35:18","modified_gmt":"2024-03-07T13:35:18","slug":"beyaz-rattan-orme-desenli-kollu-sandalye-rtt23","status":"publish","type":"product","link":"https:\/\/palmiyesusleme.com\/index.php\/urun\/beyaz-rattan-orme-desenli-kollu-sandalye-rtt23\/","title":{"rendered":"Beyaz Rattan \u00d6rme Desenli Kollu Sandalye  rtt23"},"content":{"rendered":"<p>Beyaz Rattan \u00d6rme Desenli Kollu Sandalye  rtt23 &#8211; rtt23 &#8211; Bah\u00e7e Sandalyeleri<\/p>\n","protected":false},"excerpt":{"rendered":"<p>Beyaz Rattan \u00d6rme Desenli Kollu Sandalye rtt23 &#8211; rtt23 &#8211; Bah\u00e7e Sandalyeleri<\/p>\n","protected":false},"featured_media":9745,"comment_status":"closed","ping_status":"open","template":"","meta":{"_joinchat":[]},"product_cat":[48,21,19],"product_tag":[],"class_list":{"0":"post-9744","1":"product","2":"type-product","3":"status-publish","4":"has-post-thumbnail","6":"product_cat-bahce-sandalyeleri","7":"product_cat-rattan-enjeksiyon-sandalye","8":"product_cat-rattan-sandalyeler","10":"first","11":"instock","12":"product-type-simple"},"_links":{"self":[{"href":"https:\/\/palmiyesusleme.com\/index.php\/wp-json\/wp\/v2\/product\/9744","targetHints":{"allow":["GET"]}}],"collection":[{"href":"https:\/\/palmiyesusleme.com\/index.php\/wp-json\/wp\/v2\/product"}],"about":[{"href":"https:\/\/palmiyesusleme.com\/index.php\/wp-json\/wp\/v2\/types\/product"}],"replies":[{"embeddable":true,"href":"https:\/\/palmiyesusleme.com\/index.php\/wp-json\/wp\/v2\/comments?post=9744"}],"wp:featuredmedia":[{"embeddable":true,"href":"https:\/\/palmiyesusleme.com\/index.php\/wp-json\/wp\/v2\/media\/9745"}],"wp:attachment":[{"href":"https:\/\/palmiyesusleme.com\/index.php\/wp-json\/wp\/v2\/media?parent=9744"}],"wp:term":[{"taxonomy":"product_cat","embeddable":true,"href":"https:\/\/palmiyesusleme.com\/index.php\/wp-json\/wp\/v2\/product_cat?post=9744"},{"taxonomy":"product_tag","embeddable":true,"href":"https:\/\/palmiyesusleme.com\/index.php\/wp-json\/wp\/v2\/product_tag?post=9744"}],"curies":[{"name":"wp","href":"https:\/\/api.w.org\/{rel}","templated":true}]}}