{"id":9746,"date":"2024-03-07T16:35:11","date_gmt":"2024-03-07T13:35:11","guid":{"rendered":"https:\/\/palmiyesusleme.com\/index.php\/urun\/rattan-orme-genis-sirtlik-ince-kollu-sandalye-rtt24\/"},"modified":"2024-03-07T16:35:18","modified_gmt":"2024-03-07T13:35:18","slug":"rattan-orme-genis-sirtlik-ince-kollu-sandalye-rtt24","status":"publish","type":"product","link":"https:\/\/palmiyesusleme.com\/index.php\/urun\/rattan-orme-genis-sirtlik-ince-kollu-sandalye-rtt24\/","title":{"rendered":"Rattan \u00d6rme Geni\u015f S\u0131rtl\u0131k \u0130nce Kollu Sandalye rtt24"},"content":{"rendered":"<p>&lt;p&gt;Rattan \u00d6rme Geni\u015f S\u0131rtl\u0131k \u0130nce Kollu Sandalye Rahatl\u0131k ve konforuyla dikkat \u00e7eken modelimiz stoklarda yerini alm\u0131\u015f bulunmaktad\u0131r. Kolay temizlenmesi, kolay ta\u015f\u0131nmas\u0131, kolay istiflenmesi ve kullan\u0131ld\u0131\u011f\u0131 mekana fark\u0131ndal\u0131k katmak gibi avantajlar sayesinde tercih sebebi olmaktad\u0131r.&lt;br&gt;&lt;\/p&gt;<\/p>\n","protected":false},"excerpt":{"rendered":"<p>&lt;p&gt;Rattan \u00d6rme Geni\u015f S\u0131rtl\u0131k \u0130nce Kollu Sandalye Rahatl\u0131k ve konforuyla dikkat \u00e7eken modelimiz stoklarda yerini alm\u0131\u015f bulunmaktad\u0131r. Kolay temizlenmesi, kolay ta\u015f\u0131nmas\u0131, kolay istiflenmesi ve kullan\u0131ld\u0131\u011f\u0131 mekana fark\u0131ndal\u0131k katmak gibi avantajlar sayesinde tercih sebebi olmaktad\u0131r.&lt;br&gt;&lt;\/p&gt;<\/p>\n","protected":false},"featured_media":9747,"comment_status":"closed","ping_status":"open","template":"","meta":{"_joinchat":[]},"product_cat":[20,48,21,19],"product_tag":[],"class_list":{"0":"post-9746","1":"product","2":"type-product","3":"status-publish","4":"has-post-thumbnail","6":"product_cat-bahce-rattan-sandalyeleri","7":"product_cat-bahce-sandalyeleri","8":"product_cat-rattan-enjeksiyon-sandalye","9":"product_cat-rattan-sandalyeler","11":"first","12":"instock","13":"product-type-simple"},"_links":{"self":[{"href":"https:\/\/palmiyesusleme.com\/index.php\/wp-json\/wp\/v2\/product\/9746","targetHints":{"allow":["GET"]}}],"collection":[{"href":"https:\/\/palmiyesusleme.com\/index.php\/wp-json\/wp\/v2\/product"}],"about":[{"href":"https:\/\/palmiyesusleme.com\/index.php\/wp-json\/wp\/v2\/types\/product"}],"replies":[{"embeddable":true,"href":"https:\/\/palmiyesusleme.com\/index.php\/wp-json\/wp\/v2\/comments?post=9746"}],"wp:featuredmedia":[{"embeddable":true,"href":"https:\/\/palmiyesusleme.com\/index.php\/wp-json\/wp\/v2\/media\/9747"}],"wp:attachment":[{"href":"https:\/\/palmiyesusleme.com\/index.php\/wp-json\/wp\/v2\/media?parent=9746"}],"wp:term":[{"taxonomy":"product_cat","embeddable":true,"href":"https:\/\/palmiyesusleme.com\/index.php\/wp-json\/wp\/v2\/product_cat?post=9746"},{"taxonomy":"product_tag","embeddable":true,"href":"https:\/\/palmiyesusleme.com\/index.php\/wp-json\/wp\/v2\/product_tag?post=9746"}],"curies":[{"name":"wp","href":"https:\/\/api.w.org\/{rel}","templated":true}]}}