{"id":9748,"date":"2024-03-07T16:35:11","date_gmt":"2024-03-07T13:35:11","guid":{"rendered":"https:\/\/palmiyesusleme.com\/index.php\/urun\/desen-sirt-tasarimli-rattan-orme-kollu-sandalye-rtt25\/"},"modified":"2024-03-07T16:35:19","modified_gmt":"2024-03-07T13:35:19","slug":"desen-sirt-tasarimli-rattan-orme-kollu-sandalye-rtt25","status":"publish","type":"product","link":"https:\/\/palmiyesusleme.com\/index.php\/urun\/desen-sirt-tasarimli-rattan-orme-kollu-sandalye-rtt25\/","title":{"rendered":"Desen S\u0131rt Tasar\u0131ml\u0131 Rattan \u00d6rme Kollu Sandalye rtt25"},"content":{"rendered":"<p>Desen S\u0131rt Tasar\u0131ml\u0131 Rattan \u00d6rme Kollu Sandalye rtt25 &#8211; rtt25 &#8211; Rattan Sandalyeler<\/p>\n","protected":false},"excerpt":{"rendered":"<p>Desen S\u0131rt Tasar\u0131ml\u0131 Rattan \u00d6rme Kollu Sandalye rtt25 &#8211; rtt25 &#8211; Rattan Sandalyeler<\/p>\n","protected":false},"featured_media":9749,"comment_status":"closed","ping_status":"open","template":"","meta":{"_joinchat":[]},"product_cat":[20,21,19],"product_tag":[],"class_list":{"0":"post-9748","1":"product","2":"type-product","3":"status-publish","4":"has-post-thumbnail","6":"product_cat-bahce-rattan-sandalyeleri","7":"product_cat-rattan-enjeksiyon-sandalye","8":"product_cat-rattan-sandalyeler","10":"first","11":"instock","12":"product-type-simple"},"_links":{"self":[{"href":"https:\/\/palmiyesusleme.com\/index.php\/wp-json\/wp\/v2\/product\/9748","targetHints":{"allow":["GET"]}}],"collection":[{"href":"https:\/\/palmiyesusleme.com\/index.php\/wp-json\/wp\/v2\/product"}],"about":[{"href":"https:\/\/palmiyesusleme.com\/index.php\/wp-json\/wp\/v2\/types\/product"}],"replies":[{"embeddable":true,"href":"https:\/\/palmiyesusleme.com\/index.php\/wp-json\/wp\/v2\/comments?post=9748"}],"wp:featuredmedia":[{"embeddable":true,"href":"https:\/\/palmiyesusleme.com\/index.php\/wp-json\/wp\/v2\/media\/9749"}],"wp:attachment":[{"href":"https:\/\/palmiyesusleme.com\/index.php\/wp-json\/wp\/v2\/media?parent=9748"}],"wp:term":[{"taxonomy":"product_cat","embeddable":true,"href":"https:\/\/palmiyesusleme.com\/index.php\/wp-json\/wp\/v2\/product_cat?post=9748"},{"taxonomy":"product_tag","embeddable":true,"href":"https:\/\/palmiyesusleme.com\/index.php\/wp-json\/wp\/v2\/product_tag?post=9748"}],"curies":[{"name":"wp","href":"https:\/\/api.w.org\/{rel}","templated":true}]}}