{"id":9750,"date":"2024-03-07T16:35:11","date_gmt":"2024-03-07T13:35:11","guid":{"rendered":"https:\/\/palmiyesusleme.com\/index.php\/urun\/ahsap-kollu-rattan-ormeli-sandalye-rtt26\/"},"modified":"2024-03-07T16:35:20","modified_gmt":"2024-03-07T13:35:20","slug":"ahsap-kollu-rattan-ormeli-sandalye-rtt26","status":"publish","type":"product","link":"https:\/\/palmiyesusleme.com\/index.php\/urun\/ahsap-kollu-rattan-ormeli-sandalye-rtt26\/","title":{"rendered":"Ah\u015fap Kollu Rattan \u00d6rmeli Sandalye rtt26"},"content":{"rendered":"<p>&lt;p&gt;Ah\u015fap Kollu Rattan \u00d6rmeli Sandalye Kol k\u0131sm\u0131ndaki ah\u015fap detay\u0131 ile rahatl\u0131\u011fa verilen \u00f6nem g\u00f6sterilmektedir.&amp;nbsp;&lt;br&gt;&lt;\/p&gt;<\/p>\n","protected":false},"excerpt":{"rendered":"<p>&lt;p&gt;Ah\u015fap Kollu Rattan \u00d6rmeli Sandalye Kol k\u0131sm\u0131ndaki ah\u015fap detay\u0131 ile rahatl\u0131\u011fa verilen \u00f6nem g\u00f6sterilmektedir.&amp;nbsp;&lt;br&gt;&lt;\/p&gt;<\/p>\n","protected":false},"featured_media":9751,"comment_status":"closed","ping_status":"open","template":"","meta":{"_joinchat":[]},"product_cat":[20,21,19],"product_tag":[],"class_list":{"0":"post-9750","1":"product","2":"type-product","3":"status-publish","4":"has-post-thumbnail","6":"product_cat-bahce-rattan-sandalyeleri","7":"product_cat-rattan-enjeksiyon-sandalye","8":"product_cat-rattan-sandalyeler","10":"first","11":"instock","12":"product-type-simple"},"_links":{"self":[{"href":"https:\/\/palmiyesusleme.com\/index.php\/wp-json\/wp\/v2\/product\/9750","targetHints":{"allow":["GET"]}}],"collection":[{"href":"https:\/\/palmiyesusleme.com\/index.php\/wp-json\/wp\/v2\/product"}],"about":[{"href":"https:\/\/palmiyesusleme.com\/index.php\/wp-json\/wp\/v2\/types\/product"}],"replies":[{"embeddable":true,"href":"https:\/\/palmiyesusleme.com\/index.php\/wp-json\/wp\/v2\/comments?post=9750"}],"wp:featuredmedia":[{"embeddable":true,"href":"https:\/\/palmiyesusleme.com\/index.php\/wp-json\/wp\/v2\/media\/9751"}],"wp:attachment":[{"href":"https:\/\/palmiyesusleme.com\/index.php\/wp-json\/wp\/v2\/media?parent=9750"}],"wp:term":[{"taxonomy":"product_cat","embeddable":true,"href":"https:\/\/palmiyesusleme.com\/index.php\/wp-json\/wp\/v2\/product_cat?post=9750"},{"taxonomy":"product_tag","embeddable":true,"href":"https:\/\/palmiyesusleme.com\/index.php\/wp-json\/wp\/v2\/product_tag?post=9750"}],"curies":[{"name":"wp","href":"https:\/\/api.w.org\/{rel}","templated":true}]}}