{"id":9775,"date":"2024-03-07T16:35:23","date_gmt":"2024-03-07T13:35:23","guid":{"rendered":"https:\/\/palmiyesusleme.com\/index.php\/urun\/cicek-desenli-poliuretan-sandalye\/"},"modified":"2024-03-07T16:35:30","modified_gmt":"2024-03-07T13:35:30","slug":"cicek-desenli-poliuretan-sandalye","status":"publish","type":"product","link":"https:\/\/palmiyesusleme.com\/index.php\/urun\/cicek-desenli-poliuretan-sandalye\/","title":{"rendered":"\u00c7i\u00e7ek Desenli Poli\u00fcretan Sandalye"},"content":{"rendered":"<p>&Ccedil;i&ccedil;ek Desenli Poli&uuml;retan Sandalye<\/p>\n","protected":false},"excerpt":{"rendered":"<p>&Ccedil;i&ccedil;ek Desenli Poli&uuml;retan Sandalye<\/p>\n","protected":false},"featured_media":9776,"comment_status":"closed","ping_status":"open","template":"","meta":{"_joinchat":[]},"product_cat":[105],"product_tag":[],"class_list":{"0":"post-9775","1":"product","2":"type-product","3":"status-publish","4":"has-post-thumbnail","6":"product_cat-poliuretan-sandalyeler","8":"first","9":"instock","10":"product-type-simple"},"_links":{"self":[{"href":"https:\/\/palmiyesusleme.com\/index.php\/wp-json\/wp\/v2\/product\/9775","targetHints":{"allow":["GET"]}}],"collection":[{"href":"https:\/\/palmiyesusleme.com\/index.php\/wp-json\/wp\/v2\/product"}],"about":[{"href":"https:\/\/palmiyesusleme.com\/index.php\/wp-json\/wp\/v2\/types\/product"}],"replies":[{"embeddable":true,"href":"https:\/\/palmiyesusleme.com\/index.php\/wp-json\/wp\/v2\/comments?post=9775"}],"wp:featuredmedia":[{"embeddable":true,"href":"https:\/\/palmiyesusleme.com\/index.php\/wp-json\/wp\/v2\/media\/9776"}],"wp:attachment":[{"href":"https:\/\/palmiyesusleme.com\/index.php\/wp-json\/wp\/v2\/media?parent=9775"}],"wp:term":[{"taxonomy":"product_cat","embeddable":true,"href":"https:\/\/palmiyesusleme.com\/index.php\/wp-json\/wp\/v2\/product_cat?post=9775"},{"taxonomy":"product_tag","embeddable":true,"href":"https:\/\/palmiyesusleme.com\/index.php\/wp-json\/wp\/v2\/product_tag?post=9775"}],"curies":[{"name":"wp","href":"https:\/\/api.w.org\/{rel}","templated":true}]}}