{"id":9779,"date":"2024-03-07T16:35:23","date_gmt":"2024-03-07T13:35:23","guid":{"rendered":"https:\/\/palmiyesusleme.com\/index.php\/urun\/siyah-ahsap-ayakli-modern-poliuretan-sandalye-saglam\/"},"modified":"2024-03-07T16:35:32","modified_gmt":"2024-03-07T13:35:32","slug":"siyah-ahsap-ayakli-modern-poliuretan-sandalye-saglam","status":"publish","type":"product","link":"https:\/\/palmiyesusleme.com\/index.php\/urun\/siyah-ahsap-ayakli-modern-poliuretan-sandalye-saglam\/","title":{"rendered":"Siyah Ah\u015fap Ayakl\u0131 Modern Poli\u00fcretan Sandalye Sa\u011flam"},"content":{"rendered":"<p>Siyah Ah\u015fap Ayakl\u0131 Modern Poli\u00fcretan Sandalye Sa\u011flam<\/p>\n","protected":false},"excerpt":{"rendered":"<p>Siyah Ah\u015fap Ayakl\u0131 Modern Poli\u00fcretan Sandalye Sa\u011flam<\/p>\n","protected":false},"featured_media":9780,"comment_status":"closed","ping_status":"open","template":"","meta":{"_joinchat":[]},"product_cat":[105],"product_tag":[],"class_list":{"0":"post-9779","1":"product","2":"type-product","3":"status-publish","4":"has-post-thumbnail","6":"product_cat-poliuretan-sandalyeler","8":"first","9":"instock","10":"product-type-simple"},"_links":{"self":[{"href":"https:\/\/palmiyesusleme.com\/index.php\/wp-json\/wp\/v2\/product\/9779","targetHints":{"allow":["GET"]}}],"collection":[{"href":"https:\/\/palmiyesusleme.com\/index.php\/wp-json\/wp\/v2\/product"}],"about":[{"href":"https:\/\/palmiyesusleme.com\/index.php\/wp-json\/wp\/v2\/types\/product"}],"replies":[{"embeddable":true,"href":"https:\/\/palmiyesusleme.com\/index.php\/wp-json\/wp\/v2\/comments?post=9779"}],"wp:featuredmedia":[{"embeddable":true,"href":"https:\/\/palmiyesusleme.com\/index.php\/wp-json\/wp\/v2\/media\/9780"}],"wp:attachment":[{"href":"https:\/\/palmiyesusleme.com\/index.php\/wp-json\/wp\/v2\/media?parent=9779"}],"wp:term":[{"taxonomy":"product_cat","embeddable":true,"href":"https:\/\/palmiyesusleme.com\/index.php\/wp-json\/wp\/v2\/product_cat?post=9779"},{"taxonomy":"product_tag","embeddable":true,"href":"https:\/\/palmiyesusleme.com\/index.php\/wp-json\/wp\/v2\/product_tag?post=9779"}],"curies":[{"name":"wp","href":"https:\/\/api.w.org\/{rel}","templated":true}]}}