{"id":9781,"date":"2024-03-07T16:35:23","date_gmt":"2024-03-07T13:35:23","guid":{"rendered":"https:\/\/palmiyesusleme.com\/index.php\/urun\/gunes-oymali-sirt-desenli-monoblok-metal-ayakli-sandalye-1-sinif\/"},"modified":"2024-03-07T16:35:33","modified_gmt":"2024-03-07T13:35:33","slug":"gunes-oymali-sirt-desenli-monoblok-metal-ayakli-sandalye-1-sinif","status":"publish","type":"product","link":"https:\/\/palmiyesusleme.com\/index.php\/urun\/gunes-oymali-sirt-desenli-monoblok-metal-ayakli-sandalye-1-sinif\/","title":{"rendered":"G\u00fcne\u015f Oymal\u0131 S\u0131rt Desenli Monoblok Metal Ayakl\u0131 Sandalye 1. S\u0131n\u0131f"},"content":{"rendered":"<p>G\u00fcne\u015f Oymal\u0131 S\u0131rt Desenli Monoblok Metal Ayakl\u0131 Sandalye 1. S\u0131n\u0131f<\/p>\n","protected":false},"excerpt":{"rendered":"<p>G\u00fcne\u015f Oymal\u0131 S\u0131rt Desenli Monoblok Metal Ayakl\u0131 Sandalye 1. S\u0131n\u0131f<\/p>\n","protected":false},"featured_media":9782,"comment_status":"closed","ping_status":"open","template":"","meta":{"_joinchat":[]},"product_cat":[128],"product_tag":[],"class_list":{"0":"post-9781","1":"product","2":"type-product","3":"status-publish","4":"has-post-thumbnail","6":"product_cat-monoblok-sandalye","8":"first","9":"instock","10":"product-type-simple"},"_links":{"self":[{"href":"https:\/\/palmiyesusleme.com\/index.php\/wp-json\/wp\/v2\/product\/9781","targetHints":{"allow":["GET"]}}],"collection":[{"href":"https:\/\/palmiyesusleme.com\/index.php\/wp-json\/wp\/v2\/product"}],"about":[{"href":"https:\/\/palmiyesusleme.com\/index.php\/wp-json\/wp\/v2\/types\/product"}],"replies":[{"embeddable":true,"href":"https:\/\/palmiyesusleme.com\/index.php\/wp-json\/wp\/v2\/comments?post=9781"}],"wp:featuredmedia":[{"embeddable":true,"href":"https:\/\/palmiyesusleme.com\/index.php\/wp-json\/wp\/v2\/media\/9782"}],"wp:attachment":[{"href":"https:\/\/palmiyesusleme.com\/index.php\/wp-json\/wp\/v2\/media?parent=9781"}],"wp:term":[{"taxonomy":"product_cat","embeddable":true,"href":"https:\/\/palmiyesusleme.com\/index.php\/wp-json\/wp\/v2\/product_cat?post=9781"},{"taxonomy":"product_tag","embeddable":true,"href":"https:\/\/palmiyesusleme.com\/index.php\/wp-json\/wp\/v2\/product_tag?post=9781"}],"curies":[{"name":"wp","href":"https:\/\/api.w.org\/{rel}","templated":true}]}}