{"id":9785,"date":"2024-03-07T16:35:23","date_gmt":"2024-03-07T13:35:23","guid":{"rendered":"https:\/\/palmiyesusleme.com\/index.php\/urun\/siyah-tutulabilir-sirtli-monoblok-sandalye\/"},"modified":"2024-03-07T16:35:36","modified_gmt":"2024-03-07T13:35:36","slug":"siyah-tutulabilir-sirtli-monoblok-sandalye","status":"publish","type":"product","link":"https:\/\/palmiyesusleme.com\/index.php\/urun\/siyah-tutulabilir-sirtli-monoblok-sandalye\/","title":{"rendered":"Siyah Tutulabilir S\u0131rtl\u0131 Monoblok Sandalye"},"content":{"rendered":"<p>Siyah Tutulabilir S\u0131rtl\u0131 Monoblok Sandalye<\/p>\n","protected":false},"excerpt":{"rendered":"<p>Siyah Tutulabilir S\u0131rtl\u0131 Monoblok Sandalye<\/p>\n","protected":false},"featured_media":9786,"comment_status":"closed","ping_status":"open","template":"","meta":{"_joinchat":[]},"product_cat":[128],"product_tag":[],"class_list":{"0":"post-9785","1":"product","2":"type-product","3":"status-publish","4":"has-post-thumbnail","6":"product_cat-monoblok-sandalye","8":"first","9":"instock","10":"product-type-simple"},"_links":{"self":[{"href":"https:\/\/palmiyesusleme.com\/index.php\/wp-json\/wp\/v2\/product\/9785","targetHints":{"allow":["GET"]}}],"collection":[{"href":"https:\/\/palmiyesusleme.com\/index.php\/wp-json\/wp\/v2\/product"}],"about":[{"href":"https:\/\/palmiyesusleme.com\/index.php\/wp-json\/wp\/v2\/types\/product"}],"replies":[{"embeddable":true,"href":"https:\/\/palmiyesusleme.com\/index.php\/wp-json\/wp\/v2\/comments?post=9785"}],"wp:featuredmedia":[{"embeddable":true,"href":"https:\/\/palmiyesusleme.com\/index.php\/wp-json\/wp\/v2\/media\/9786"}],"wp:attachment":[{"href":"https:\/\/palmiyesusleme.com\/index.php\/wp-json\/wp\/v2\/media?parent=9785"}],"wp:term":[{"taxonomy":"product_cat","embeddable":true,"href":"https:\/\/palmiyesusleme.com\/index.php\/wp-json\/wp\/v2\/product_cat?post=9785"},{"taxonomy":"product_tag","embeddable":true,"href":"https:\/\/palmiyesusleme.com\/index.php\/wp-json\/wp\/v2\/product_tag?post=9785"}],"curies":[{"name":"wp","href":"https:\/\/api.w.org\/{rel}","templated":true}]}}