{"id":9812,"date":"2024-03-07T16:35:51","date_gmt":"2024-03-07T13:35:51","guid":{"rendered":"https:\/\/palmiyesusleme.com\/index.php\/urun\/beyaz-izgara-sirtli-monoblok-sandalye\/"},"modified":"2024-03-07T16:36:04","modified_gmt":"2024-03-07T13:36:04","slug":"beyaz-izgara-sirtli-monoblok-sandalye","status":"publish","type":"product","link":"https:\/\/palmiyesusleme.com\/index.php\/urun\/beyaz-izgara-sirtli-monoblok-sandalye\/","title":{"rendered":"Beyaz Izgara S\u0131rtl\u0131 Monoblok Sandalye"},"content":{"rendered":"<p>Beyaz Izgara S\u0131rtl\u0131 Monoblok Sandalye<\/p>\n","protected":false},"excerpt":{"rendered":"<p>Beyaz Izgara S\u0131rtl\u0131 Monoblok Sandalye<\/p>\n","protected":false},"featured_media":9813,"comment_status":"closed","ping_status":"open","template":"","meta":{"_joinchat":[]},"product_cat":[128],"product_tag":[],"class_list":{"0":"post-9812","1":"product","2":"type-product","3":"status-publish","4":"has-post-thumbnail","6":"product_cat-monoblok-sandalye","8":"first","9":"instock","10":"product-type-simple"},"_links":{"self":[{"href":"https:\/\/palmiyesusleme.com\/index.php\/wp-json\/wp\/v2\/product\/9812","targetHints":{"allow":["GET"]}}],"collection":[{"href":"https:\/\/palmiyesusleme.com\/index.php\/wp-json\/wp\/v2\/product"}],"about":[{"href":"https:\/\/palmiyesusleme.com\/index.php\/wp-json\/wp\/v2\/types\/product"}],"replies":[{"embeddable":true,"href":"https:\/\/palmiyesusleme.com\/index.php\/wp-json\/wp\/v2\/comments?post=9812"}],"wp:featuredmedia":[{"embeddable":true,"href":"https:\/\/palmiyesusleme.com\/index.php\/wp-json\/wp\/v2\/media\/9813"}],"wp:attachment":[{"href":"https:\/\/palmiyesusleme.com\/index.php\/wp-json\/wp\/v2\/media?parent=9812"}],"wp:term":[{"taxonomy":"product_cat","embeddable":true,"href":"https:\/\/palmiyesusleme.com\/index.php\/wp-json\/wp\/v2\/product_cat?post=9812"},{"taxonomy":"product_tag","embeddable":true,"href":"https:\/\/palmiyesusleme.com\/index.php\/wp-json\/wp\/v2\/product_tag?post=9812"}],"curies":[{"name":"wp","href":"https:\/\/api.w.org\/{rel}","templated":true}]}}