{"id":9818,"date":"2024-03-07T16:35:51","date_gmt":"2024-03-07T13:35:51","guid":{"rendered":"https:\/\/palmiyesusleme.com\/index.php\/urun\/cnc-kesim-sirtli-monoblok-sandalye-modelleri\/"},"modified":"2024-03-07T16:36:09","modified_gmt":"2024-03-07T13:36:09","slug":"cnc-kesim-sirtli-monoblok-sandalye-modelleri","status":"publish","type":"product","link":"https:\/\/palmiyesusleme.com\/index.php\/urun\/cnc-kesim-sirtli-monoblok-sandalye-modelleri\/","title":{"rendered":"Cnc Kesim S\u0131rtl\u0131 Monoblok Sandalye Modelleri"},"content":{"rendered":"<p>Cnc Kesim S\u0131rtl\u0131 Monoblok Sandalye Modelleri<\/p>\n","protected":false},"excerpt":{"rendered":"<p>Cnc Kesim S\u0131rtl\u0131 Monoblok Sandalye Modelleri<\/p>\n","protected":false},"featured_media":9819,"comment_status":"closed","ping_status":"open","template":"","meta":{"_joinchat":[]},"product_cat":[128],"product_tag":[],"class_list":{"0":"post-9818","1":"product","2":"type-product","3":"status-publish","4":"has-post-thumbnail","6":"product_cat-monoblok-sandalye","8":"first","9":"instock","10":"product-type-simple"},"_links":{"self":[{"href":"https:\/\/palmiyesusleme.com\/index.php\/wp-json\/wp\/v2\/product\/9818","targetHints":{"allow":["GET"]}}],"collection":[{"href":"https:\/\/palmiyesusleme.com\/index.php\/wp-json\/wp\/v2\/product"}],"about":[{"href":"https:\/\/palmiyesusleme.com\/index.php\/wp-json\/wp\/v2\/types\/product"}],"replies":[{"embeddable":true,"href":"https:\/\/palmiyesusleme.com\/index.php\/wp-json\/wp\/v2\/comments?post=9818"}],"wp:featuredmedia":[{"embeddable":true,"href":"https:\/\/palmiyesusleme.com\/index.php\/wp-json\/wp\/v2\/media\/9819"}],"wp:attachment":[{"href":"https:\/\/palmiyesusleme.com\/index.php\/wp-json\/wp\/v2\/media?parent=9818"}],"wp:term":[{"taxonomy":"product_cat","embeddable":true,"href":"https:\/\/palmiyesusleme.com\/index.php\/wp-json\/wp\/v2\/product_cat?post=9818"},{"taxonomy":"product_tag","embeddable":true,"href":"https:\/\/palmiyesusleme.com\/index.php\/wp-json\/wp\/v2\/product_tag?post=9818"}],"curies":[{"name":"wp","href":"https:\/\/api.w.org\/{rel}","templated":true}]}}