{"id":9838,"date":"2024-03-07T16:36:28","date_gmt":"2024-03-07T13:36:28","guid":{"rendered":"https:\/\/palmiyesusleme.com\/index.php\/urun\/koyu-sari-modern-metal-ayakli-monoblok-sandalye-1-kalite\/"},"modified":"2024-03-07T16:36:31","modified_gmt":"2024-03-07T13:36:31","slug":"koyu-sari-modern-metal-ayakli-monoblok-sandalye-1-kalite","status":"publish","type":"product","link":"https:\/\/palmiyesusleme.com\/index.php\/urun\/koyu-sari-modern-metal-ayakli-monoblok-sandalye-1-kalite\/","title":{"rendered":"Koyu Sar\u0131 Modern Metal Ayakl\u0131 Monoblok Sandalye 1. Kalite"},"content":{"rendered":"<p>Koyu Sar\u0131 Modern Metal Ayakl\u0131 Monoblok Sandalye 1. Kalite<\/p>\n","protected":false},"excerpt":{"rendered":"<p>Koyu Sar\u0131 Modern Metal Ayakl\u0131 Monoblok Sandalye 1. Kalite<\/p>\n","protected":false},"featured_media":9839,"comment_status":"closed","ping_status":"open","template":"","meta":{"_joinchat":[]},"product_cat":[128],"product_tag":[],"class_list":{"0":"post-9838","1":"product","2":"type-product","3":"status-publish","4":"has-post-thumbnail","6":"product_cat-monoblok-sandalye","8":"first","9":"instock","10":"product-type-simple"},"_links":{"self":[{"href":"https:\/\/palmiyesusleme.com\/index.php\/wp-json\/wp\/v2\/product\/9838","targetHints":{"allow":["GET"]}}],"collection":[{"href":"https:\/\/palmiyesusleme.com\/index.php\/wp-json\/wp\/v2\/product"}],"about":[{"href":"https:\/\/palmiyesusleme.com\/index.php\/wp-json\/wp\/v2\/types\/product"}],"replies":[{"embeddable":true,"href":"https:\/\/palmiyesusleme.com\/index.php\/wp-json\/wp\/v2\/comments?post=9838"}],"wp:featuredmedia":[{"embeddable":true,"href":"https:\/\/palmiyesusleme.com\/index.php\/wp-json\/wp\/v2\/media\/9839"}],"wp:attachment":[{"href":"https:\/\/palmiyesusleme.com\/index.php\/wp-json\/wp\/v2\/media?parent=9838"}],"wp:term":[{"taxonomy":"product_cat","embeddable":true,"href":"https:\/\/palmiyesusleme.com\/index.php\/wp-json\/wp\/v2\/product_cat?post=9838"},{"taxonomy":"product_tag","embeddable":true,"href":"https:\/\/palmiyesusleme.com\/index.php\/wp-json\/wp\/v2\/product_tag?post=9838"}],"curies":[{"name":"wp","href":"https:\/\/api.w.org\/{rel}","templated":true}]}}