{"id":9849,"date":"2024-03-07T16:36:28","date_gmt":"2024-03-07T13:36:28","guid":{"rendered":"https:\/\/palmiyesusleme.com\/index.php\/urun\/kirmizi-deri-dosemeli-ahsap-ayakli-kafe-sediri-sed00\/"},"modified":"2024-03-07T16:36:37","modified_gmt":"2024-03-07T13:36:37","slug":"kirmizi-deri-dosemeli-ahsap-ayakli-kafe-sediri-sed00","status":"publish","type":"product","link":"https:\/\/palmiyesusleme.com\/index.php\/urun\/kirmizi-deri-dosemeli-ahsap-ayakli-kafe-sediri-sed00\/","title":{"rendered":"K\u0131rm\u0131z\u0131 Deri D\u00f6\u015femeli Ah\u015fap Ayakl\u0131 Kafe Sediri sed00"},"content":{"rendered":"<p>&lt;p&gt;K\u0131rm\u0131z\u0131 Deri D\u00f6\u015femeli Ah\u015fap Ayakl\u0131 Kafe Sediri&amp;nbsp; yo\u011fun istek \u00fczerine stoklar\u0131m\u0131zda yerini alm\u0131\u015f durumdad\u0131r. Temizli\u011fi kolay olmas\u0131 ve kullan\u0131lan her bir alana da uyum sa\u011flamas\u0131 gibi durum sayesinde tercih edilen sedirlerden biri haline gelmi\u015ftir.&lt;br&gt;&lt;\/p&gt;<\/p>\n","protected":false},"excerpt":{"rendered":"<p>&lt;p&gt;K\u0131rm\u0131z\u0131 Deri D\u00f6\u015femeli Ah\u015fap Ayakl\u0131 Kafe Sediri&amp;nbsp; yo\u011fun istek \u00fczerine stoklar\u0131m\u0131zda yerini alm\u0131\u015f durumdad\u0131r. Temizli\u011fi kolay olmas\u0131 ve kullan\u0131lan her bir alana da uyum sa\u011flamas\u0131 gibi durum sayesinde tercih edilen sedirlerden biri haline gelmi\u015ftir.&lt;br&gt;&lt;\/p&gt;<\/p>\n","protected":false},"featured_media":9850,"comment_status":"closed","ping_status":"open","template":"","meta":{"_joinchat":[]},"product_cat":[24,23,22],"product_tag":[],"class_list":{"0":"post-9849","1":"product","2":"type-product","3":"status-publish","4":"has-post-thumbnail","6":"product_cat-cafe-koltuklari","7":"product_cat-loca","8":"product_cat-sedir-koltuk","10":"first","11":"instock","12":"product-type-simple"},"_links":{"self":[{"href":"https:\/\/palmiyesusleme.com\/index.php\/wp-json\/wp\/v2\/product\/9849","targetHints":{"allow":["GET"]}}],"collection":[{"href":"https:\/\/palmiyesusleme.com\/index.php\/wp-json\/wp\/v2\/product"}],"about":[{"href":"https:\/\/palmiyesusleme.com\/index.php\/wp-json\/wp\/v2\/types\/product"}],"replies":[{"embeddable":true,"href":"https:\/\/palmiyesusleme.com\/index.php\/wp-json\/wp\/v2\/comments?post=9849"}],"wp:featuredmedia":[{"embeddable":true,"href":"https:\/\/palmiyesusleme.com\/index.php\/wp-json\/wp\/v2\/media\/9850"}],"wp:attachment":[{"href":"https:\/\/palmiyesusleme.com\/index.php\/wp-json\/wp\/v2\/media?parent=9849"}],"wp:term":[{"taxonomy":"product_cat","embeddable":true,"href":"https:\/\/palmiyesusleme.com\/index.php\/wp-json\/wp\/v2\/product_cat?post=9849"},{"taxonomy":"product_tag","embeddable":true,"href":"https:\/\/palmiyesusleme.com\/index.php\/wp-json\/wp\/v2\/product_tag?post=9849"}],"curies":[{"name":"wp","href":"https:\/\/api.w.org\/{rel}","templated":true}]}}