{"id":9874,"date":"2024-03-07T16:36:52","date_gmt":"2024-03-07T13:36:52","guid":{"rendered":"https:\/\/palmiyesusleme.com\/index.php\/urun\/koyu-kirmizi-suni-deri-dosemeli-cafe-sediri\/"},"modified":"2024-03-07T16:36:52","modified_gmt":"2024-03-07T13:36:52","slug":"koyu-kirmizi-suni-deri-dosemeli-cafe-sediri","status":"publish","type":"product","link":"https:\/\/palmiyesusleme.com\/index.php\/urun\/koyu-kirmizi-suni-deri-dosemeli-cafe-sediri\/","title":{"rendered":"Koyu K\u0131rm\u0131z\u0131 Suni Deri D\u00f6\u015femeli Cafe Sediri"},"content":{"rendered":"<p>&lt;p&gt;Koyu K\u0131rm\u0131z\u0131 Suni Deri D\u00f6\u015femeli Cafe Sediri&lt;br&gt;&lt;\/p&gt;<\/p>\n","protected":false},"excerpt":{"rendered":"<p>&lt;p&gt;Koyu K\u0131rm\u0131z\u0131 Suni Deri D\u00f6\u015femeli Cafe Sediri&lt;br&gt;&lt;\/p&gt;<\/p>\n","protected":false},"featured_media":9875,"comment_status":"closed","ping_status":"open","template":"","meta":{"_joinchat":[]},"product_cat":[23,22],"product_tag":[],"class_list":{"0":"post-9874","1":"product","2":"type-product","3":"status-publish","4":"has-post-thumbnail","6":"product_cat-loca","7":"product_cat-sedir-koltuk","9":"first","10":"instock","11":"product-type-simple"},"_links":{"self":[{"href":"https:\/\/palmiyesusleme.com\/index.php\/wp-json\/wp\/v2\/product\/9874","targetHints":{"allow":["GET"]}}],"collection":[{"href":"https:\/\/palmiyesusleme.com\/index.php\/wp-json\/wp\/v2\/product"}],"about":[{"href":"https:\/\/palmiyesusleme.com\/index.php\/wp-json\/wp\/v2\/types\/product"}],"replies":[{"embeddable":true,"href":"https:\/\/palmiyesusleme.com\/index.php\/wp-json\/wp\/v2\/comments?post=9874"}],"wp:featuredmedia":[{"embeddable":true,"href":"https:\/\/palmiyesusleme.com\/index.php\/wp-json\/wp\/v2\/media\/9875"}],"wp:attachment":[{"href":"https:\/\/palmiyesusleme.com\/index.php\/wp-json\/wp\/v2\/media?parent=9874"}],"wp:term":[{"taxonomy":"product_cat","embeddable":true,"href":"https:\/\/palmiyesusleme.com\/index.php\/wp-json\/wp\/v2\/product_cat?post=9874"},{"taxonomy":"product_tag","embeddable":true,"href":"https:\/\/palmiyesusleme.com\/index.php\/wp-json\/wp\/v2\/product_tag?post=9874"}],"curies":[{"name":"wp","href":"https:\/\/api.w.org\/{rel}","templated":true}]}}