{"id":9882,"date":"2024-03-07T16:36:52","date_gmt":"2024-03-07T13:36:52","guid":{"rendered":"https:\/\/palmiyesusleme.com\/index.php\/urun\/ahsap-kasali-mor-mavi-deri-dosemeli-cafe-sediri\/"},"modified":"2024-03-07T16:36:56","modified_gmt":"2024-03-07T13:36:56","slug":"ahsap-kasali-mor-mavi-deri-dosemeli-cafe-sediri","status":"publish","type":"product","link":"https:\/\/palmiyesusleme.com\/index.php\/urun\/ahsap-kasali-mor-mavi-deri-dosemeli-cafe-sediri\/","title":{"rendered":"Ah\u015fap Kasal\u0131 Mor Mavi Deri D\u00f6\u015femeli Cafe Sediri"},"content":{"rendered":"<p>&lt;p&gt;Renklerin uyumunu sevenler i\u00e7in tasarlanan ah\u015fap kasal\u0131 s\u0131rt k\u0131sm\u0131 mor oturma yeri ve mavi deri d\u00f6\u015femeli sedir modeli cafeler gibi e\u011flence mekanlar\u0131nda rahatl\u0131kla tercih edilebilecek \u015fekilde \u00fcretilmektedir. Hem renkli hem rahat kullan\u0131m a\u00e7\u0131s\u0131ndan olduk\u00e7a uygun bir model olan &lt;b&gt;sedir&lt;\/b&gt; ayn\u0131 zamanda mekana canl\u0131 ve hareketli bir g\u00f6r\u00fcn\u00fcm katmaktad\u0131r\u0131. Ki\u015fiye \u00f6zel tasarlanabilmesi sebebiyle kullan\u0131c\u0131n\u0131n tarz\u0131n\u0131 da yans\u0131tmak m\u00fcmk\u00fcn olmaktad\u0131r.&lt;\/p&gt;&lt;p&gt;\u00dcr\u00fcn hakk\u0131nda bilgi ve fiyat almak i\u00e7in \u00fcr\u00fcn kodunu ve adetini bize E-posta, Whatsapp veya Telefon yoluyla iletiniz. Sat\u0131\u015f ekibimiz en k\u0131sa s\u00fcrede size d\u00f6necektir.&lt;\/p&gt;&lt;table class=&quot;table table-bordered&quot;&gt;<br \/>\n&lt;tbody&gt;<br \/>\n&lt;tr&gt;<br \/>\n&lt;td colspan=&quot;4&quot; class=&quot;text-center&quot; style=&quot;vertical-align:middle&quot;&gt;&lt;img src=&quot;\/image\/olcuresimsablon\/sedir-olcu-sablon.png&quot; alt=&quot;\u00d6l\u00e7\u00fc&quot;&gt;&lt;\/td&gt;<br \/>\n&lt;\/tr&gt;<br \/>\n&lt;tr&gt;<br \/>\n&lt;td class=&quot;text-center&quot; style=&quot;vertical-align:middle&quot;&gt;&lt;span class=&quot;text-center&quot; style=&quot;vertical-align:middle&quot;&gt;&lt;strong&gt;Geni\u015flik&lt;\/strong&gt;&lt;\/span&gt;&lt;\/td&gt;<br \/>\n&lt;td class=&quot;text-center&quot; style=&quot;vertical-align:middle&quot;&gt;&lt;span class=&quot;text-center&quot; style=&quot;vertical-align:middle&quot;&gt;&lt;strong&gt;Oturum Y\u00fcksekli\u011fi&lt;\/strong&gt;&lt;\/span&gt;&lt;\/td&gt;<br \/>\n&lt;td class=&quot;text-center&quot; style=&quot;vertical-align:middle&quot;&gt;&lt;span class=&quot;text-center&quot; style=&quot;vertical-align:middle&quot;&gt;&lt;strong&gt;Derinlik&lt;\/strong&gt;&lt;\/span&gt;&lt;\/td&gt;<br \/>\n&lt;td class=&quot;text-center&quot; style=&quot;vertical-align:middle&quot;&gt;&lt;span class=&quot;text-center&quot; style=&quot;vertical-align:middle&quot;&gt;&lt;strong&gt;Y\u00fckseklik&lt;\/strong&gt;&lt;\/span&gt;&lt;\/td&gt;<br \/>\n&lt;\/tr&gt;<br \/>\n&lt;tr&gt;<br \/>\n&lt;td class=&quot;text-center&quot; style=&quot;vertical-align:middle&quot;&gt;&amp;nbsp;120 cm&lt;\/td&gt;<br \/>\n&lt;td class=&quot;text-center&quot; style=&quot;vertical-align:middle&quot;&gt;47 cm&amp;nbsp;&lt;\/td&gt;<br \/>\n&lt;td class=&quot;text-center&quot; style=&quot;vertical-align:middle&quot;&gt;65 cm&amp;nbsp;&lt;\/td&gt;<br \/>\n&lt;td class=&quot;text-center&quot; style=&quot;vertical-align:middle&quot;&gt;&amp;nbsp;110 cm&lt;\/td&gt;<br \/>\n&lt;\/tr&gt;<br \/>\n&lt;tr&gt;<br \/>\n&lt;td class=&quot;text-center&quot; style=&quot;vertical-align:middle&quot; colspan=&quot;4&quot;&gt;\u0130ste\u011fe \u00f6zel olarak malzeme cinsinde (ah\u015fap,boya,kuma\u015f,deri) ve \u00fcr\u00fcn \u00f6l\u00e7\u00fclerinde de\u011fi\u015fiklik yap\u0131labilir.&lt;\/td&gt;<br \/>\n&lt;\/tr&gt;<br \/>\n&lt;\/tbody&gt;<br \/>\n&lt;\/table&gt;<br \/>\n&lt;hr&gt;&lt;p&gt;&lt;\/p&gt;<\/p>\n","protected":false},"excerpt":{"rendered":"<p>&lt;p&gt;Renklerin uyumunu sevenler i\u00e7in tasarlanan ah\u015fap kasal\u0131 s\u0131rt k\u0131sm\u0131 mor oturma yeri ve mavi deri d\u00f6\u015femeli sedir modeli cafeler gibi e\u011flence mekanlar\u0131nda rahatl\u0131kla tercih edilebilecek \u015fekilde \u00fcretilmektedir. Hem renkli hem rahat kullan\u0131m a\u00e7\u0131s\u0131ndan olduk\u00e7a uygun bir model olan &lt;b&gt;sedir&lt;\/b&gt; ayn\u0131 zamanda mekana canl\u0131 ve hareketli bir g\u00f6r\u00fcn\u00fcm katmaktad\u0131r\u0131. Ki\u015fiye \u00f6zel tasarlanabilmesi sebebiyle kullan\u0131c\u0131n\u0131n tarz\u0131n\u0131 da [&hellip;]<\/p>\n","protected":false},"featured_media":9883,"comment_status":"closed","ping_status":"open","template":"","meta":{"_joinchat":[]},"product_cat":[22],"product_tag":[],"class_list":{"0":"post-9882","1":"product","2":"type-product","3":"status-publish","4":"has-post-thumbnail","6":"product_cat-sedir-koltuk","8":"first","9":"instock","10":"product-type-simple"},"_links":{"self":[{"href":"https:\/\/palmiyesusleme.com\/index.php\/wp-json\/wp\/v2\/product\/9882","targetHints":{"allow":["GET"]}}],"collection":[{"href":"https:\/\/palmiyesusleme.com\/index.php\/wp-json\/wp\/v2\/product"}],"about":[{"href":"https:\/\/palmiyesusleme.com\/index.php\/wp-json\/wp\/v2\/types\/product"}],"replies":[{"embeddable":true,"href":"https:\/\/palmiyesusleme.com\/index.php\/wp-json\/wp\/v2\/comments?post=9882"}],"wp:featuredmedia":[{"embeddable":true,"href":"https:\/\/palmiyesusleme.com\/index.php\/wp-json\/wp\/v2\/media\/9883"}],"wp:attachment":[{"href":"https:\/\/palmiyesusleme.com\/index.php\/wp-json\/wp\/v2\/media?parent=9882"}],"wp:term":[{"taxonomy":"product_cat","embeddable":true,"href":"https:\/\/palmiyesusleme.com\/index.php\/wp-json\/wp\/v2\/product_cat?post=9882"},{"taxonomy":"product_tag","embeddable":true,"href":"https:\/\/palmiyesusleme.com\/index.php\/wp-json\/wp\/v2\/product_tag?post=9882"}],"curies":[{"name":"wp","href":"https:\/\/api.w.org\/{rel}","templated":true}]}}