{"id":9888,"date":"2024-03-07T16:36:52","date_gmt":"2024-03-07T13:36:52","guid":{"rendered":"https:\/\/palmiyesusleme.com\/index.php\/urun\/kumas-dosemeli-restaurant-kanepesi\/"},"modified":"2024-03-07T16:36:59","modified_gmt":"2024-03-07T13:36:59","slug":"kumas-dosemeli-restaurant-kanepesi","status":"publish","type":"product","link":"https:\/\/palmiyesusleme.com\/index.php\/urun\/kumas-dosemeli-restaurant-kanepesi\/","title":{"rendered":"Kuma\u015f D\u00f6\u015femeli Restaurant Kanepesi"},"content":{"rendered":"<p>Krem kuma\u015f d\u00f6\u015femeli &lt;b&gt;restoran sedirleri&lt;\/b&gt; klasik renklerden vazge\u00e7emeyenlerin tercihi olmaktad\u0131r. Mekan\u0131n i\u00e7 yap\u0131s\u0131na ba\u011fl\u0131 olarak farkl\u0131 \u00f6l\u00e7\u00fclerde \u00fcretilebilen kanepeler kullan\u0131m rahatl\u0131\u011f\u0131 sunmaktad\u0131r. Restoranlar\u0131n dekorasyonunu tamamlay\u0131c\u0131 nitelikte bulunmalar\u0131 sebebiyle iste\u011fe ba\u011fl\u0131 olarak de\u011fi\u015fiklikler yap\u0131labilmektedir.&lt;p&gt;&lt;br&gt;&lt;\/p&gt;&lt;table class=&quot;table table-bordered&quot;&gt;&lt;tbody&gt;&lt;tr&gt;&lt;td colspan=&quot;4&quot; class=&quot;text-center&quot;&gt;&lt;img src=&quot;\/image\/olcuresimsablon\/sedir-olcu-sablon.png&quot; alt=&quot;\u00d6l\u00e7\u00fc&quot;&gt;&lt;\/td&gt;&lt;\/tr&gt;&lt;tr&gt;&lt;td class=&quot;text-center&quot;&gt;&lt;span class=&quot;text-center&quot; style=&quot;vertical-align:middle&quot;&gt;&lt;strong&gt;Geni\u015flik&lt;\/strong&gt;&lt;\/span&gt;&lt;\/td&gt;&lt;td class=&quot;text-center&quot;&gt;&lt;span class=&quot;text-center&quot; style=&quot;vertical-align:middle&quot;&gt;&lt;strong&gt;Oturum Y\u00fcksekli\u011fi&lt;\/strong&gt;&lt;\/span&gt;&lt;\/td&gt;&lt;td class=&quot;text-center&quot;&gt;&lt;span class=&quot;text-center&quot; style=&quot;vertical-align:middle&quot;&gt;&lt;strong&gt;Derinlik&lt;\/strong&gt;&lt;\/span&gt;&lt;\/td&gt;&lt;td class=&quot;text-center&quot;&gt;&lt;span class=&quot;text-center&quot; style=&quot;vertical-align:middle&quot;&gt;&lt;strong&gt;Y\u00fckseklik&lt;\/strong&gt;&lt;\/span&gt;&lt;\/td&gt;&lt;\/tr&gt;&lt;tr&gt;&lt;td class=&quot;text-center&quot;&gt;140 cm&lt;\/td&gt;&lt;td class=&quot;text-center&quot;&gt;&amp;nbsp;47 cm&lt;\/td&gt;&lt;td class=&quot;text-center&quot;&gt;&amp;nbsp;70 cm&lt;\/td&gt;&lt;td class=&quot;text-center&quot;&gt;&amp;nbsp;120 cm&lt;\/td&gt;&lt;\/tr&gt;&lt;tr&gt;&lt;td class=&quot;text-center&quot; colspan=&quot;4&quot;&gt;\u0130ste\u011fe \u00f6zel olarak malzeme cinsinde (ah\u015fap,boya,kuma\u015f,deri) ve \u00fcr\u00fcn \u00f6l\u00e7\u00fclerinde de\u011fi\u015fiklik yap\u0131labilir.&lt;\/td&gt;&lt;\/tr&gt;&lt;\/tbody&gt;&lt;\/table&gt;&lt;p&gt;&lt;\/p&gt;<\/p>\n","protected":false},"excerpt":{"rendered":"<p>Krem kuma\u015f d\u00f6\u015femeli &lt;b&gt;restoran sedirleri&lt;\/b&gt; klasik renklerden vazge\u00e7emeyenlerin tercihi olmaktad\u0131r. Mekan\u0131n i\u00e7 yap\u0131s\u0131na ba\u011fl\u0131 olarak farkl\u0131 \u00f6l\u00e7\u00fclerde \u00fcretilebilen kanepeler kullan\u0131m rahatl\u0131\u011f\u0131 sunmaktad\u0131r. Restoranlar\u0131n dekorasyonunu tamamlay\u0131c\u0131 nitelikte bulunmalar\u0131 sebebiyle iste\u011fe ba\u011fl\u0131 olarak de\u011fi\u015fiklikler yap\u0131labilmektedir.&lt;p&gt;&lt;br&gt;&lt;\/p&gt;&lt;table class=&quot;table table-bordered&quot;&gt;&lt;tbody&gt;&lt;tr&gt;&lt;td colspan=&quot;4&quot; class=&quot;text-center&quot;&gt;&lt;img src=&quot;\/image\/olcuresimsablon\/sedir-olcu-sablon.png&quot; alt=&quot;\u00d6l\u00e7\u00fc&quot;&gt;&lt;\/td&gt;&lt;\/tr&gt;&lt;tr&gt;&lt;td class=&quot;text-center&quot;&gt;&lt;span class=&quot;text-center&quot; style=&quot;vertical-align:middle&quot;&gt;&lt;strong&gt;Geni\u015flik&lt;\/strong&gt;&lt;\/span&gt;&lt;\/td&gt;&lt;td class=&quot;text-center&quot;&gt;&lt;span class=&quot;text-center&quot; style=&quot;vertical-align:middle&quot;&gt;&lt;strong&gt;Oturum Y\u00fcksekli\u011fi&lt;\/strong&gt;&lt;\/span&gt;&lt;\/td&gt;&lt;td class=&quot;text-center&quot;&gt;&lt;span class=&quot;text-center&quot; style=&quot;vertical-align:middle&quot;&gt;&lt;strong&gt;Derinlik&lt;\/strong&gt;&lt;\/span&gt;&lt;\/td&gt;&lt;td class=&quot;text-center&quot;&gt;&lt;span class=&quot;text-center&quot; style=&quot;vertical-align:middle&quot;&gt;&lt;strong&gt;Y\u00fckseklik&lt;\/strong&gt;&lt;\/span&gt;&lt;\/td&gt;&lt;\/tr&gt;&lt;tr&gt;&lt;td class=&quot;text-center&quot;&gt;140 cm&lt;\/td&gt;&lt;td class=&quot;text-center&quot;&gt;&amp;nbsp;47 [&hellip;]<\/p>\n","protected":false},"featured_media":9889,"comment_status":"closed","ping_status":"open","template":"","meta":{"_joinchat":[]},"product_cat":[24,23,22],"product_tag":[],"class_list":{"0":"post-9888","1":"product","2":"type-product","3":"status-publish","4":"has-post-thumbnail","6":"product_cat-cafe-koltuklari","7":"product_cat-loca","8":"product_cat-sedir-koltuk","10":"first","11":"instock","12":"product-type-simple"},"_links":{"self":[{"href":"https:\/\/palmiyesusleme.com\/index.php\/wp-json\/wp\/v2\/product\/9888","targetHints":{"allow":["GET"]}}],"collection":[{"href":"https:\/\/palmiyesusleme.com\/index.php\/wp-json\/wp\/v2\/product"}],"about":[{"href":"https:\/\/palmiyesusleme.com\/index.php\/wp-json\/wp\/v2\/types\/product"}],"replies":[{"embeddable":true,"href":"https:\/\/palmiyesusleme.com\/index.php\/wp-json\/wp\/v2\/comments?post=9888"}],"wp:featuredmedia":[{"embeddable":true,"href":"https:\/\/palmiyesusleme.com\/index.php\/wp-json\/wp\/v2\/media\/9889"}],"wp:attachment":[{"href":"https:\/\/palmiyesusleme.com\/index.php\/wp-json\/wp\/v2\/media?parent=9888"}],"wp:term":[{"taxonomy":"product_cat","embeddable":true,"href":"https:\/\/palmiyesusleme.com\/index.php\/wp-json\/wp\/v2\/product_cat?post=9888"},{"taxonomy":"product_tag","embeddable":true,"href":"https:\/\/palmiyesusleme.com\/index.php\/wp-json\/wp\/v2\/product_tag?post=9888"}],"curies":[{"name":"wp","href":"https:\/\/api.w.org\/{rel}","templated":true}]}}