{"id":9900,"date":"2024-03-07T16:36:52","date_gmt":"2024-03-07T13:36:52","guid":{"rendered":"https:\/\/palmiyesusleme.com\/index.php\/urun\/kapitoneli-sirtli-krem-rengi-dosemeli-sedir-koltuk-otel-restoran-sediri\/"},"modified":"2024-03-07T16:37:04","modified_gmt":"2024-03-07T13:37:04","slug":"kapitoneli-sirtli-krem-rengi-dosemeli-sedir-koltuk-otel-restoran-sediri","status":"publish","type":"product","link":"https:\/\/palmiyesusleme.com\/index.php\/urun\/kapitoneli-sirtli-krem-rengi-dosemeli-sedir-koltuk-otel-restoran-sediri\/","title":{"rendered":"Kapitoneli S\u0131rtl\u0131 Krem Rengi D\u00f6\u015femeli Sedir Koltuk Otel Restoran Sediri"},"content":{"rendered":"<p>&lt;p&gt;Kapitoneli S\u0131rtl\u0131 Sedir Koltuk 2020 model cafeniz, oteliniz, restoraniniz i\u00e7in&lt;br&gt;&lt;\/p&gt;<\/p>\n","protected":false},"excerpt":{"rendered":"<p>&lt;p&gt;Kapitoneli S\u0131rtl\u0131 Sedir Koltuk 2020 model cafeniz, oteliniz, restoraniniz i\u00e7in&lt;br&gt;&lt;\/p&gt;<\/p>\n","protected":false},"featured_media":9901,"comment_status":"closed","ping_status":"open","template":"","meta":{"_joinchat":[]},"product_cat":[24,22],"product_tag":[],"class_list":{"0":"post-9900","1":"product","2":"type-product","3":"status-publish","4":"has-post-thumbnail","6":"product_cat-cafe-koltuklari","7":"product_cat-sedir-koltuk","9":"first","10":"instock","11":"product-type-simple"},"_links":{"self":[{"href":"https:\/\/palmiyesusleme.com\/index.php\/wp-json\/wp\/v2\/product\/9900","targetHints":{"allow":["GET"]}}],"collection":[{"href":"https:\/\/palmiyesusleme.com\/index.php\/wp-json\/wp\/v2\/product"}],"about":[{"href":"https:\/\/palmiyesusleme.com\/index.php\/wp-json\/wp\/v2\/types\/product"}],"replies":[{"embeddable":true,"href":"https:\/\/palmiyesusleme.com\/index.php\/wp-json\/wp\/v2\/comments?post=9900"}],"wp:featuredmedia":[{"embeddable":true,"href":"https:\/\/palmiyesusleme.com\/index.php\/wp-json\/wp\/v2\/media\/9901"}],"wp:attachment":[{"href":"https:\/\/palmiyesusleme.com\/index.php\/wp-json\/wp\/v2\/media?parent=9900"}],"wp:term":[{"taxonomy":"product_cat","embeddable":true,"href":"https:\/\/palmiyesusleme.com\/index.php\/wp-json\/wp\/v2\/product_cat?post=9900"},{"taxonomy":"product_tag","embeddable":true,"href":"https:\/\/palmiyesusleme.com\/index.php\/wp-json\/wp\/v2\/product_tag?post=9900"}],"curies":[{"name":"wp","href":"https:\/\/api.w.org\/{rel}","templated":true}]}}