{"id":9902,"date":"2024-03-07T16:36:52","date_gmt":"2024-03-07T13:36:52","guid":{"rendered":"https:\/\/palmiyesusleme.com\/index.php\/urun\/metal-ayakli-kapitoneli-sirtli-siyah-deri-kapli-dosemeli-dis-yuzeyler-ahsap-otel-restoran-sediri\/"},"modified":"2024-03-07T16:37:05","modified_gmt":"2024-03-07T13:37:05","slug":"metal-ayakli-kapitoneli-sirtli-siyah-deri-kapli-dosemeli-dis-yuzeyler-ahsap-otel-restoran-sediri","status":"publish","type":"product","link":"https:\/\/palmiyesusleme.com\/index.php\/urun\/metal-ayakli-kapitoneli-sirtli-siyah-deri-kapli-dosemeli-dis-yuzeyler-ahsap-otel-restoran-sediri\/","title":{"rendered":"Metal Ayakl\u0131 Kapitoneli S\u0131rtl\u0131 Siyah Deri Kapl\u0131 D\u00f6\u015femeli D\u0131\u015f Y\u00fczeyler Ah\u015fap Otel Restoran Sediri"},"content":{"rendered":"<p>&lt;p&gt;Metal Ayakl\u0131&lt;\/p&gt;&lt;p&gt;Kapitoneli S\u0131rtl\u0131&lt;\/p&gt;&lt;p&gt;Siyah Deri Kapl\u0131 D\u00f6\u015femeli&lt;\/p&gt;&lt;p&gt;D\u0131\u015f Y\u00fczeyler Ah\u015fap Otel Restoran Sediri&lt;br&gt;&lt;\/p&gt;<\/p>\n","protected":false},"excerpt":{"rendered":"<p>&lt;p&gt;Metal Ayakl\u0131&lt;\/p&gt;&lt;p&gt;Kapitoneli S\u0131rtl\u0131&lt;\/p&gt;&lt;p&gt;Siyah Deri Kapl\u0131 D\u00f6\u015femeli&lt;\/p&gt;&lt;p&gt;D\u0131\u015f Y\u00fczeyler Ah\u015fap Otel Restoran Sediri&lt;br&gt;&lt;\/p&gt;<\/p>\n","protected":false},"featured_media":9903,"comment_status":"closed","ping_status":"open","template":"","meta":{"_joinchat":[]},"product_cat":[22],"product_tag":[],"class_list":{"0":"post-9902","1":"product","2":"type-product","3":"status-publish","4":"has-post-thumbnail","6":"product_cat-sedir-koltuk","8":"first","9":"instock","10":"product-type-simple"},"_links":{"self":[{"href":"https:\/\/palmiyesusleme.com\/index.php\/wp-json\/wp\/v2\/product\/9902","targetHints":{"allow":["GET"]}}],"collection":[{"href":"https:\/\/palmiyesusleme.com\/index.php\/wp-json\/wp\/v2\/product"}],"about":[{"href":"https:\/\/palmiyesusleme.com\/index.php\/wp-json\/wp\/v2\/types\/product"}],"replies":[{"embeddable":true,"href":"https:\/\/palmiyesusleme.com\/index.php\/wp-json\/wp\/v2\/comments?post=9902"}],"wp:featuredmedia":[{"embeddable":true,"href":"https:\/\/palmiyesusleme.com\/index.php\/wp-json\/wp\/v2\/media\/9903"}],"wp:attachment":[{"href":"https:\/\/palmiyesusleme.com\/index.php\/wp-json\/wp\/v2\/media?parent=9902"}],"wp:term":[{"taxonomy":"product_cat","embeddable":true,"href":"https:\/\/palmiyesusleme.com\/index.php\/wp-json\/wp\/v2\/product_cat?post=9902"},{"taxonomy":"product_tag","embeddable":true,"href":"https:\/\/palmiyesusleme.com\/index.php\/wp-json\/wp\/v2\/product_tag?post=9902"}],"curies":[{"name":"wp","href":"https:\/\/api.w.org\/{rel}","templated":true}]}}