{"id":9911,"date":"2024-03-07T16:36:52","date_gmt":"2024-03-07T13:36:52","guid":{"rendered":"https:\/\/palmiyesusleme.com\/index.php\/urun\/acik-kahverengi-kare-desenli-sirt-yuzeyi-ahsap-ayak-minderli-otel-sedir-koltuk\/"},"modified":"2024-03-07T16:37:10","modified_gmt":"2024-03-07T13:37:10","slug":"acik-kahverengi-kare-desenli-sirt-yuzeyi-ahsap-ayak-minderli-otel-sedir-koltuk","status":"publish","type":"product","link":"https:\/\/palmiyesusleme.com\/index.php\/urun\/acik-kahverengi-kare-desenli-sirt-yuzeyi-ahsap-ayak-minderli-otel-sedir-koltuk\/","title":{"rendered":"A\u00e7\u0131k Kahverengi Kare Desenli S\u0131rt Y\u00fczeyi Ah\u015fap Ayak Minderli Otel Sedir Koltuk"},"content":{"rendered":"<p>A\u00e7\u0131k Kahverengi Kare Desenli S\u0131rt Y\u00fczeyi Ah\u015fap Ayak Minderli Otel Sedir Koltuk<\/p>\n","protected":false},"excerpt":{"rendered":"<p>A\u00e7\u0131k Kahverengi Kare Desenli S\u0131rt Y\u00fczeyi Ah\u015fap Ayak Minderli Otel Sedir Koltuk<\/p>\n","protected":false},"featured_media":9912,"comment_status":"closed","ping_status":"open","template":"","meta":{"_joinchat":[]},"product_cat":[23,22],"product_tag":[],"class_list":{"0":"post-9911","1":"product","2":"type-product","3":"status-publish","4":"has-post-thumbnail","6":"product_cat-loca","7":"product_cat-sedir-koltuk","9":"first","10":"instock","11":"product-type-simple"},"_links":{"self":[{"href":"https:\/\/palmiyesusleme.com\/index.php\/wp-json\/wp\/v2\/product\/9911","targetHints":{"allow":["GET"]}}],"collection":[{"href":"https:\/\/palmiyesusleme.com\/index.php\/wp-json\/wp\/v2\/product"}],"about":[{"href":"https:\/\/palmiyesusleme.com\/index.php\/wp-json\/wp\/v2\/types\/product"}],"replies":[{"embeddable":true,"href":"https:\/\/palmiyesusleme.com\/index.php\/wp-json\/wp\/v2\/comments?post=9911"}],"wp:featuredmedia":[{"embeddable":true,"href":"https:\/\/palmiyesusleme.com\/index.php\/wp-json\/wp\/v2\/media\/9912"}],"wp:attachment":[{"href":"https:\/\/palmiyesusleme.com\/index.php\/wp-json\/wp\/v2\/media?parent=9911"}],"wp:term":[{"taxonomy":"product_cat","embeddable":true,"href":"https:\/\/palmiyesusleme.com\/index.php\/wp-json\/wp\/v2\/product_cat?post=9911"},{"taxonomy":"product_tag","embeddable":true,"href":"https:\/\/palmiyesusleme.com\/index.php\/wp-json\/wp\/v2\/product_tag?post=9911"}],"curies":[{"name":"wp","href":"https:\/\/api.w.org\/{rel}","templated":true}]}}