{"id":9941,"date":"2024-03-07T16:37:13","date_gmt":"2024-03-07T13:37:13","guid":{"rendered":"https:\/\/palmiyesusleme.com\/index.php\/urun\/ahsap-cerceve-ayakli-koyu-gri-dilimli-ekonomik-cafe-sediri\/"},"modified":"2024-03-07T16:37:24","modified_gmt":"2024-03-07T13:37:24","slug":"ahsap-cerceve-ayakli-koyu-gri-dilimli-ekonomik-cafe-sediri","status":"publish","type":"product","link":"https:\/\/palmiyesusleme.com\/index.php\/urun\/ahsap-cerceve-ayakli-koyu-gri-dilimli-ekonomik-cafe-sediri\/","title":{"rendered":"Ah\u015fap \u00c7er\u00e7eve Ayakl\u0131 Koyu Gri Dilimli Ekonomik Cafe Sediri"},"content":{"rendered":"<p>&lt;p&gt;Ah\u015fap \u00c7er\u00e7eve Ayakl\u0131 Koyu Gri Dilimli Ekonomik Cafe Sediri&lt;br&gt;&lt;\/p&gt;<\/p>\n","protected":false},"excerpt":{"rendered":"<p>&lt;p&gt;Ah\u015fap \u00c7er\u00e7eve Ayakl\u0131 Koyu Gri Dilimli Ekonomik Cafe Sediri&lt;br&gt;&lt;\/p&gt;<\/p>\n","protected":false},"featured_media":9942,"comment_status":"closed","ping_status":"open","template":"","meta":{"_joinchat":[]},"product_cat":[23,22],"product_tag":[],"class_list":{"0":"post-9941","1":"product","2":"type-product","3":"status-publish","4":"has-post-thumbnail","6":"product_cat-loca","7":"product_cat-sedir-koltuk","9":"first","10":"instock","11":"product-type-simple"},"_links":{"self":[{"href":"https:\/\/palmiyesusleme.com\/index.php\/wp-json\/wp\/v2\/product\/9941","targetHints":{"allow":["GET"]}}],"collection":[{"href":"https:\/\/palmiyesusleme.com\/index.php\/wp-json\/wp\/v2\/product"}],"about":[{"href":"https:\/\/palmiyesusleme.com\/index.php\/wp-json\/wp\/v2\/types\/product"}],"replies":[{"embeddable":true,"href":"https:\/\/palmiyesusleme.com\/index.php\/wp-json\/wp\/v2\/comments?post=9941"}],"wp:featuredmedia":[{"embeddable":true,"href":"https:\/\/palmiyesusleme.com\/index.php\/wp-json\/wp\/v2\/media\/9942"}],"wp:attachment":[{"href":"https:\/\/palmiyesusleme.com\/index.php\/wp-json\/wp\/v2\/media?parent=9941"}],"wp:term":[{"taxonomy":"product_cat","embeddable":true,"href":"https:\/\/palmiyesusleme.com\/index.php\/wp-json\/wp\/v2\/product_cat?post=9941"},{"taxonomy":"product_tag","embeddable":true,"href":"https:\/\/palmiyesusleme.com\/index.php\/wp-json\/wp\/v2\/product_tag?post=9941"}],"curies":[{"name":"wp","href":"https:\/\/api.w.org\/{rel}","templated":true}]}}